{"id":7,"date":"2026-04-04T12:06:54","date_gmt":"2026-04-04T12:06:54","guid":{"rendered":"https:\/\/confiteriamartina.com\/?page_id=7"},"modified":"2026-04-04T12:12:13","modified_gmt":"2026-04-04T12:12:13","slug":"inicio","status":"publish","type":"page","link":"https:\/\/confiteriamartina.com\/","title":{"rendered":"Inicio"},"content":{"rendered":"\t\t<div data-elementor-type=\"wp-post\" data-elementor-id=\"7\" class=\"elementor elementor-7\">\n\t\t\t\t<div class=\"elementor-element elementor-element-01ce13e e-flex e-con-boxed e-con e-parent\" data-id=\"01ce13e\" data-element_type=\"container\" data-e-type=\"container\" data-settings=\"{&quot;background_background&quot;:&quot;classic&quot;}\">\n\t\t\t\t\t<div class=\"e-con-inner\">\n\t\t\t\t<div class=\"elementor-element elementor-element-f3286ed elementor-widget elementor-widget-image\" data-id=\"f3286ed\" data-element_type=\"widget\" data-e-type=\"widget\" data-widget_type=\"image.default\">\n\t\t\t\t\t\t\t\t\t\t\t\t\t\t\t<img fetchpriority=\"high\" decoding=\"async\" width=\"325\" height=\"324\" src=\"https:\/\/confiteriamartina.com\/wp-content\/uploads\/2026\/04\/logo-martina.png\" class=\"attachment-large size-large wp-image-13\" alt=\"\" srcset=\"https:\/\/confiteriamartina.com\/wp-content\/uploads\/2026\/04\/logo-martina.png 325w, https:\/\/confiteriamartina.com\/wp-content\/uploads\/2026\/04\/logo-martina-300x300.png 300w, https:\/\/confiteriamartina.com\/wp-content\/uploads\/2026\/04\/logo-martina-150x150.png 150w\" sizes=\"(max-width: 325px) 100vw, 325px\" \/>\t\t\t\t\t\t\t\t\t\t\t\t\t\t\t<\/div>\n\t\t\t\t<div class=\"elementor-element elementor-element-5fa6aa4 elementor-widget elementor-widget-heading\" data-id=\"5fa6aa4\" data-element_type=\"widget\" data-e-type=\"widget\" data-widget_type=\"heading.default\">\n\t\t\t\t\t<h2 class=\"elementor-heading-title elementor-size-default\">Confiter\u00eda artesana \u2013 Elaboraci\u00f3n diaria<\/h2>\t\t\t\t<\/div>\n\t\t\t\t<div class=\"elementor-element elementor-element-5709dac elementor-widget-divider--view-line_icon elementor-view-default elementor-widget-divider--element-align-center elementor-widget elementor-widget-divider\" data-id=\"5709dac\" data-element_type=\"widget\" data-e-type=\"widget\" data-widget_type=\"divider.default\">\n\t\t\t\t\t\t\t<div class=\"elementor-divider\">\n\t\t\t<span class=\"elementor-divider-separator\">\n\t\t\t\t\t\t\t<div class=\"elementor-icon elementor-divider__element\">\n\t\t\t\t\t<svg aria-hidden=\"true\" class=\"e-font-icon-svg e-fas-bullseye\" viewBox=\"0 0 496 512\" xmlns=\"http:\/\/www.w3.org\/2000\/svg\"><path d=\"M248 8C111.03 8 0 119.03 0 256s111.03 248 248 248 248-111.03 248-248S384.97 8 248 8zm0 432c-101.69 0-184-82.29-184-184 0-101.69 82.29-184 184-184 101.69 0 184 82.29 184 184 0 101.69-82.29 184-184 184zm0-312c-70.69 0-128 57.31-128 128s57.31 128 128 128 128-57.31 128-128-57.31-128-128-128zm0 192c-35.29 0-64-28.71-64-64s28.71-64 64-64 64 28.71 64 64-28.71 64-64 64z\"><\/path><\/svg><\/div>\n\t\t\t\t\t\t<\/span>\n\t\t<\/div>\n\t\t\t\t\t\t<\/div>\n\t\t\t\t<div class=\"elementor-element elementor-element-223484f elementor-widget elementor-widget-text-editor\" data-id=\"223484f\" data-element_type=\"widget\" data-e-type=\"widget\" data-widget_type=\"text-editor.default\">\n\t\t\t\t\t\t\t\t\t<p><strong>c\/ Esquiroz 20 bajo \u2013\u00a0<\/strong><strong>31007 Pamplona<\/strong><\/p><p>Martes a s\u00e1bado de 10 a 14 h.<br \/>Domingos, festivos, y lunes cerrado.<\/p><p><em>No se recogen encargos para el viernes ni el s\u00e1bado<\/em><\/p>\t\t\t\t\t\t\t\t<\/div>\n\t\t\t\t<div class=\"elementor-element elementor-element-8d7a052 elementor-widget-divider--view-line_icon elementor-view-default elementor-widget-divider--element-align-center elementor-widget elementor-widget-divider\" data-id=\"8d7a052\" data-element_type=\"widget\" data-e-type=\"widget\" data-widget_type=\"divider.default\">\n\t\t\t\t\t\t\t<div class=\"elementor-divider\">\n\t\t\t<span class=\"elementor-divider-separator\">\n\t\t\t\t\t\t\t<div class=\"elementor-icon elementor-divider__element\">\n\t\t\t\t\t<svg aria-hidden=\"true\" class=\"e-font-icon-svg e-fas-bullseye\" viewBox=\"0 0 496 512\" xmlns=\"http:\/\/www.w3.org\/2000\/svg\"><path d=\"M248 8C111.03 8 0 119.03 0 256s111.03 248 248 248 248-111.03 248-248S384.97 8 248 8zm0 432c-101.69 0-184-82.29-184-184 0-101.69 82.29-184 184-184 101.69 0 184 82.29 184 184 0 101.69-82.29 184-184 184zm0-312c-70.69 0-128 57.31-128 128s57.31 128 128 128 128-57.31 128-128-57.31-128-128-128zm0 192c-35.29 0-64-28.71-64-64s28.71-64 64-64 64 28.71 64 64-28.71 64-64 64z\"><\/path><\/svg><\/div>\n\t\t\t\t\t\t<\/span>\n\t\t<\/div>\n\t\t\t\t\t\t<\/div>\n\t\t\t\t<div class=\"elementor-element elementor-element-05d3aa3 elementor-widget__width-initial elementor-widget elementor-widget-text-editor\" data-id=\"05d3aa3\" data-element_type=\"widget\" data-e-type=\"widget\" data-widget_type=\"text-editor.default\">\n\t\t\t\t\t\t\t\t\t<p>Somos una confiter\u00eda artesana radicada en Pamplona, con vocaci\u00f3n investigadora. Todos nuestros productos los elaboramos diariamente y, como nos gusta sorprender, no siempre encontrar\u00e1s los mismos sabores y texturas al otro lado del expositor. Los ingredientes que utilizamos son siempre naturales y de buena calidad, queremos verte de vuelta.<\/p>\t\t\t\t\t\t\t\t<\/div>\n\t\t\t\t\t<\/div>\n\t\t\t\t<\/div>\n\t\t\t\t<\/div>\n\t\t","protected":false},"excerpt":{"rendered":"<p>Confiter\u00eda artesana \u2013 Elaboraci\u00f3n diaria c\/ Esquiroz 20 bajo \u2013\u00a031007 Pamplona Martes a s\u00e1bado de 10 a 14 h.Domingos, festivos, y lunes cerrado. No se recogen encargos para el viernes ni el s\u00e1bado Somos una confiter\u00eda artesana radicada en Pamplona, con vocaci\u00f3n investigadora. Todos nuestros productos los elaboramos diariamente y, como nos gusta sorprender, no [&hellip;]<\/p>\n","protected":false},"author":1,"featured_media":0,"parent":0,"menu_order":0,"comment_status":"closed","ping_status":"closed","template":"elementor_canvas","meta":{"footnotes":""},"class_list":["post-7","page","type-page","status-publish","hentry"],"_links":{"self":[{"href":"https:\/\/confiteriamartina.com\/index.php?rest_route=\/wp\/v2\/pages\/7","targetHints":{"allow":["GET"]}}],"collection":[{"href":"https:\/\/confiteriamartina.com\/index.php?rest_route=\/wp\/v2\/pages"}],"about":[{"href":"https:\/\/confiteriamartina.com\/index.php?rest_route=\/wp\/v2\/types\/page"}],"author":[{"embeddable":true,"href":"https:\/\/confiteriamartina.com\/index.php?rest_route=\/wp\/v2\/users\/1"}],"replies":[{"embeddable":true,"href":"https:\/\/confiteriamartina.com\/index.php?rest_route=%2Fwp%2Fv2%2Fcomments&post=7"}],"version-history":[{"count":10,"href":"https:\/\/confiteriamartina.com\/index.php?rest_route=\/wp\/v2\/pages\/7\/revisions"}],"predecessor-version":[{"id":23,"href":"https:\/\/confiteriamartina.com\/index.php?rest_route=\/wp\/v2\/pages\/7\/revisions\/23"}],"wp:attachment":[{"href":"https:\/\/confiteriamartina.com\/index.php?rest_route=%2Fwp%2Fv2%2Fmedia&parent=7"}],"curies":[{"name":"wp","href":"https:\/\/api.w.org\/{rel}","templated":true}]}}